{"id":727,"date":"2021-09-09T23:49:33","date_gmt":"2021-09-09T20:49:33","guid":{"rendered":"https:\/\/admerenerji.com\/?page_id=727"},"modified":"2021-09-13T11:54:24","modified_gmt":"2021-09-13T08:54:24","slug":"hammadde-tedarigi","status":"publish","type":"page","link":"https:\/\/admerenerji.com\/?page_id=727","title":{"rendered":"Hammadde Tedari\u011fi"},"content":{"rendered":"\t\t<div data-elementor-type=\"wp-page\" data-elementor-id=\"727\" class=\"elementor elementor-727\" data-elementor-settings=\"[]\">\n\t\t\t\t\t\t\t<div class=\"elementor-section-wrap\">\n\t\t\t\t\t\t\t<section class=\"elementor-section elementor-top-section elementor-element elementor-element-beb1290 elementor-section-boxed elementor-section-height-default elementor-section-height-default\" data-id=\"beb1290\" data-element_type=\"section\">\n\t\t\t\t\t\t<div class=\"elementor-container elementor-column-gap-default\">\n\t\t\t\t\t<div class=\"elementor-column elementor-col-100 elementor-top-column elementor-element elementor-element-c2fb5ae\" data-id=\"c2fb5ae\" data-element_type=\"column\">\n\t\t\t<div class=\"elementor-widget-wrap elementor-element-populated\">\n\t\t\t\t\t\t\t\t<div class=\"elementor-element elementor-element-1458ea34 elementor-widget elementor-widget-heading\" data-id=\"1458ea34\" data-element_type=\"widget\" data-widget_type=\"heading.default\">\n\t\t\t\t<div class=\"elementor-widget-container\">\n\t\t\t<h2 class=\"elementor-heading-title elementor-size-default\">FOTOVOLTA\u0130K PANEL HAMMADDE TEDAR\u0130\u011e\u0130<\/h2>\t\t<\/div>\n\t\t\t\t<\/div>\n\t\t\t\t\t<\/div>\n\t\t<\/div>\n\t\t\t\t\t\t\t<\/div>\n\t\t<\/section>\n\t\t\t\t<section class=\"elementor-section elementor-top-section elementor-element elementor-element-3dc8fd13 elementor-section-boxed elementor-section-height-default elementor-section-height-default\" data-id=\"3dc8fd13\" data-element_type=\"section\">\n\t\t\t\t\t\t<div class=\"elementor-container elementor-column-gap-default\">\n\t\t\t\t\t<div class=\"elementor-column elementor-col-100 elementor-top-column elementor-element elementor-element-57daa76\" data-id=\"57daa76\" data-element_type=\"column\">\n\t\t\t<div class=\"elementor-widget-wrap elementor-element-populated\">\n\t\t\t\t\t\t\t\t<div class=\"elementor-element elementor-element-320f2c24 elementor-widget elementor-widget-text-editor\" data-id=\"320f2c24\" data-element_type=\"widget\" data-widget_type=\"text-editor.default\">\n\t\t\t\t<div class=\"elementor-widget-container\">\n\t\t\t\t\t\t\t<p>Admer enerji firmas\u0131 normal bir hammadde tedarik\u00e7isinin sa\u011flam\u0131\u015f oldu\u011fu malzeme tedari\u011finin \u00e7ok \u00f6tesinde hizmet sa\u011flamaktad\u0131r. Al\u0131nan malzemenin kalite g\u00fcvencesi \u00fcr\u00fcn\u00fcn al\u0131nd\u0131ktan sonraki yol s\u00fcre\u00e7leri T\u00fcrkiye\u2019ye geldikten sonraki depo ve g\u00fcmr\u00fck i\u015flemlerini kontroll\u00fc bir \u015fekilde sa\u011flamaktad\u0131r. Bunun yani s\u0131ra urun tesise girdikten sonra entegrasyon hizmetini sa\u011flamaktad\u0131r.<\/p>\n<p><strong>Tedarikimizde ger\u00e7ekle\u015ftirmi\u015f oldu\u011fumuz ana hammaddeler.<\/strong><\/p>\n<ul>\n<li>&nbsp;HUCRE.<\/li>\n<li>&nbsp;RIBBON.<\/li>\n<li>&nbsp;EVA<\/li>\n<li>&nbsp;BACKSHEET.<\/li>\n<li>&nbsp;J.BOX.<\/li>\n<\/ul>\t\t\t\t\t\t<\/div>\n\t\t\t\t<\/div>\n\t\t\t\t\t<\/div>\n\t\t<\/div>\n\t\t\t\t\t\t\t<\/div>\n\t\t<\/section>\n\t\t\t\t<section class=\"elementor-section elementor-top-section elementor-element elementor-element-587a2b48 elementor-section-boxed elementor-section-height-default elementor-section-height-default\" data-id=\"587a2b48\" data-element_type=\"section\">\n\t\t\t\t\t\t<div class=\"elementor-container elementor-column-gap-default\">\n\t\t\t\t\t<div class=\"elementor-column elementor-col-100 elementor-top-column elementor-element elementor-element-1374e002\" data-id=\"1374e002\" data-element_type=\"column\">\n\t\t\t<div class=\"elementor-widget-wrap elementor-element-populated\">\n\t\t\t\t\t\t\t\t<div class=\"elementor-element elementor-element-9cb5e26 elementor-widget elementor-widget-image-gallery\" data-id=\"9cb5e26\" data-element_type=\"widget\" data-widget_type=\"image-gallery.default\">\n\t\t\t\t<div class=\"elementor-widget-container\">\n\t\t\t\t\t<div class=\"elementor-image-gallery\">\n\t\t\t<div id='gallery-1' class='gallery galleryid-727 gallery-columns-3 gallery-size-medium'><figure class='gallery-item'>\n\t\t\t<div class='gallery-icon '>\n\t\t\t\t<a data-elementor-open-lightbox=\"yes\" data-elementor-lightbox-slideshow=\"9cb5e26\" data-elementor-lightbox-title=\"geneli.jpg\" href='https:\/\/admerenerji.com\/wp-content\/uploads\/2021\/09\/geneli.jpg'><img loading=\"lazy\" decoding=\"async\" width=\"1\" height=\"1\" src=\"https:\/\/admerenerji.com\/wp-content\/uploads\/2021\/09\/geneli.jpg\" class=\"attachment-medium size-medium\" alt=\"\" \/><\/a>\n\t\t\t<\/div><\/figure><figure class='gallery-item'>\n\t\t\t<div class='gallery-icon '>\n\t\t\t\t<a data-elementor-open-lightbox=\"yes\" data-elementor-lightbox-slideshow=\"9cb5e26\" data-elementor-lightbox-title=\"eva.jpg\" href='https:\/\/admerenerji.com\/wp-content\/uploads\/2021\/09\/eva.jpg'><img loading=\"lazy\" decoding=\"async\" width=\"1\" height=\"1\" src=\"https:\/\/admerenerji.com\/wp-content\/uploads\/2021\/09\/eva.jpg\" class=\"attachment-medium size-medium\" alt=\"\" \/><\/a>\n\t\t\t<\/div><\/figure><figure class='gallery-item'>\n\t\t\t<div class='gallery-icon '>\n\t\t\t\t<a data-elementor-open-lightbox=\"yes\" data-elementor-lightbox-slideshow=\"9cb5e26\" data-elementor-lightbox-title=\"busbar.jpg\" href='https:\/\/admerenerji.com\/wp-content\/uploads\/2021\/09\/busbar.jpg'><img loading=\"lazy\" decoding=\"async\" width=\"1\" height=\"1\" src=\"https:\/\/admerenerji.com\/wp-content\/uploads\/2021\/09\/busbar.jpg\" class=\"attachment-medium size-medium\" alt=\"\" \/><\/a>\n\t\t\t<\/div><\/figure><figure class='gallery-item'>\n\t\t\t<div class='gallery-icon '>\n\t\t\t\t<a data-elementor-open-lightbox=\"yes\" data-elementor-lightbox-slideshow=\"9cb5e26\" data-elementor-lightbox-title=\"backsheet-scaled.jpg\" href='https:\/\/admerenerji.com\/wp-content\/uploads\/2021\/09\/backsheet-scaled-1.jpg'><img loading=\"lazy\" decoding=\"async\" width=\"1\" height=\"1\" src=\"https:\/\/admerenerji.com\/wp-content\/uploads\/2021\/09\/backsheet-scaled-1.jpg\" class=\"attachment-medium size-medium\" alt=\"\" \/><\/a>\n\t\t\t<\/div><\/figure><figure class='gallery-item'>\n\t\t\t<div class='gallery-icon '>\n\t\t\t\t<a data-elementor-open-lightbox=\"yes\" data-elementor-lightbox-slideshow=\"9cb5e26\" data-elementor-lightbox-title=\"j-box.jpg\" href='https:\/\/admerenerji.com\/wp-content\/uploads\/2021\/09\/j-box.jpg'><img loading=\"lazy\" decoding=\"async\" width=\"1\" height=\"1\" src=\"https:\/\/admerenerji.com\/wp-content\/uploads\/2021\/09\/j-box.jpg\" class=\"attachment-medium size-medium\" alt=\"\" \/><\/a>\n\t\t\t<\/div><\/figure><figure class='gallery-item'>\n\t\t\t<div class='gallery-icon '>\n\t\t\t\t<a data-elementor-open-lightbox=\"yes\" data-elementor-lightbox-slideshow=\"9cb5e26\" data-elementor-lightbox-title=\"ribon-2.jpg\" href='https:\/\/admerenerji.com\/wp-content\/uploads\/2021\/09\/ribon-2.jpg'><img loading=\"lazy\" decoding=\"async\" width=\"1\" height=\"1\" src=\"https:\/\/admerenerji.com\/wp-content\/uploads\/2021\/09\/ribon-2.jpg\" class=\"attachment-medium size-medium\" alt=\"\" \/><\/a>\n\t\t\t<\/div><\/figure>\n\t\t<\/div>\n\t\t<\/div>\n\t\t\t\t<\/div>\n\t\t\t\t<\/div>\n\t\t\t\t<div class=\"elementor-element elementor-element-1fbd9148 elementor-arrows-position-inside elementor-pagination-position-outside elementor-widget elementor-widget-image-carousel\" data-id=\"1fbd9148\" data-element_type=\"widget\" data-settings=\"{&quot;slides_to_show&quot;:&quot;3&quot;,&quot;slides_to_scroll&quot;:&quot;3&quot;,&quot;navigation&quot;:&quot;both&quot;,&quot;autoplay&quot;:&quot;yes&quot;,&quot;pause_on_hover&quot;:&quot;yes&quot;,&quot;pause_on_interaction&quot;:&quot;yes&quot;,&quot;autoplay_speed&quot;:5000,&quot;infinite&quot;:&quot;yes&quot;,&quot;speed&quot;:500}\" data-widget_type=\"image-carousel.default\">\n\t\t\t\t<div class=\"elementor-widget-container\">\n\t\t\t\t\t<div class=\"elementor-image-carousel-wrapper swiper-container\" dir=\"ltr\">\n\t\t\t<div class=\"elementor-image-carousel swiper-wrapper\">\n\t\t\t\t\t\t\t\t<div class=\"swiper-slide\"><figure class=\"swiper-slide-inner\"><img decoding=\"async\" class=\"swiper-slide-image\" src=\"https:\/\/admerenerji.com\/wp-content\/uploads\/2021\/09\/anahucre-150x150.jpg\" alt=\"Hucre\" \/><figcaption class=\"elementor-image-carousel-caption\">Hucre<\/figcaption><\/figure><\/div><div class=\"swiper-slide\"><figure class=\"swiper-slide-inner\"><img decoding=\"async\" class=\"swiper-slide-image\" src=\"https:\/\/admerenerji.com\/wp-content\/uploads\/2021\/09\/ribon-2-150x150-1-150x150.jpg\" alt=\"Ribbon\" \/><figcaption class=\"elementor-image-carousel-caption\">Ribbon<\/figcaption><\/figure><\/div><div class=\"swiper-slide\"><figure class=\"swiper-slide-inner\"><img decoding=\"async\" class=\"swiper-slide-image\" src=\"https:\/\/admerenerji.com\/wp-content\/uploads\/2021\/09\/eva-1-150x150.jpg\" alt=\"Eva\" \/><figcaption class=\"elementor-image-carousel-caption\">Eva<\/figcaption><\/figure><\/div><div class=\"swiper-slide\"><figure class=\"swiper-slide-inner\"><img decoding=\"async\" class=\"swiper-slide-image\" src=\"https:\/\/admerenerji.com\/wp-content\/uploads\/2021\/09\/backsheet-150x150.jpg\" alt=\"Backsheet\" \/><figcaption class=\"elementor-image-carousel-caption\">Backsheet<\/figcaption><\/figure><\/div><div class=\"swiper-slide\"><figure class=\"swiper-slide-inner\"><img decoding=\"async\" class=\"swiper-slide-image\" src=\"https:\/\/admerenerji.com\/wp-content\/uploads\/2021\/09\/j-box-1-150x150.jpg\" alt=\"J-Box\" \/><figcaption class=\"elementor-image-carousel-caption\">J-Box<\/figcaption><\/figure><\/div><div class=\"swiper-slide\"><figure class=\"swiper-slide-inner\"><img decoding=\"async\" class=\"swiper-slide-image\" src=\"https:\/\/admerenerji.com\/wp-content\/uploads\/2021\/09\/busbar-150x150-1-150x150.jpg\" alt=\"Busbar\" \/><figcaption class=\"elementor-image-carousel-caption\">Busbar<\/figcaption><\/figure><\/div>\t\t\t<\/div>\n\t\t\t\t\t\t\t\t\t\t\t\t<div class=\"swiper-pagination\"><\/div>\n\t\t\t\t\t\t\t\t\t\t\t\t\t<div class=\"elementor-swiper-button elementor-swiper-button-prev\">\n\t\t\t\t\t\t<i class=\"eicon-chevron-left\" aria-hidden=\"true\"><\/i>\n\t\t\t\t\t\t<span class=\"elementor-screen-only\">\u00d6nceki<\/span>\n\t\t\t\t\t<\/div>\n\t\t\t\t\t<div class=\"elementor-swiper-button elementor-swiper-button-next\">\n\t\t\t\t\t\t<i class=\"eicon-chevron-right\" aria-hidden=\"true\"><\/i>\n\t\t\t\t\t\t<span class=\"elementor-screen-only\">Sonraki<\/span>\n\t\t\t\t\t<\/div>\n\t\t\t\t\t\t\t\t\t<\/div>\n\t\t\t\t<\/div>\n\t\t\t\t<\/div>\n\t\t\t\t\t<\/div>\n\t\t<\/div>\n\t\t\t\t\t\t\t<\/div>\n\t\t<\/section>\n\t\t\t\t\t\t<\/div>\n\t\t\t\t\t<\/div>\n\t\t","protected":false},"excerpt":{"rendered":"<p>FOTOVOLTA\u0130K PANEL HAMMADDE TEDAR\u0130\u011e\u0130 Admer enerji firmas\u0131 normal bir hammadde tedarik\u00e7isinin sa\u011flam\u0131\u015f oldu\u011fu malzeme tedari\u011finin \u00e7ok \u00f6tesinde hizmet sa\u011flamaktad\u0131r. Al\u0131nan malzemenin kalite g\u00fcvencesi \u00fcr\u00fcn\u00fcn al\u0131nd\u0131ktan sonraki yol s\u00fcre\u00e7leri T\u00fcrkiye\u2019ye geldikten sonraki depo ve g\u00fcmr\u00fck i\u015flemlerini kontroll\u00fc bir \u015fekilde sa\u011flamaktad\u0131r. Bunun yani s\u0131ra urun tesise girdikten sonra entegrasyon hizmetini sa\u011flamaktad\u0131r. Tedarikimizde ger\u00e7ekle\u015ftirmi\u015f oldu\u011fumuz ana hammaddeler. &nbsp;HUCRE. [&hellip;]<\/p>\n","protected":false},"author":1,"featured_media":0,"parent":0,"menu_order":0,"comment_status":"closed","ping_status":"closed","template":"elementor_header_footer","meta":{"footnotes":""},"class_list":["post-727","page","type-page","status-publish","hentry"],"_links":{"self":[{"href":"https:\/\/admerenerji.com\/index.php?rest_route=\/wp\/v2\/pages\/727","targetHints":{"allow":["GET"]}}],"collection":[{"href":"https:\/\/admerenerji.com\/index.php?rest_route=\/wp\/v2\/pages"}],"about":[{"href":"https:\/\/admerenerji.com\/index.php?rest_route=\/wp\/v2\/types\/page"}],"author":[{"embeddable":true,"href":"https:\/\/admerenerji.com\/index.php?rest_route=\/wp\/v2\/users\/1"}],"replies":[{"embeddable":true,"href":"https:\/\/admerenerji.com\/index.php?rest_route=%2Fwp%2Fv2%2Fcomments&post=727"}],"version-history":[{"count":13,"href":"https:\/\/admerenerji.com\/index.php?rest_route=\/wp\/v2\/pages\/727\/revisions"}],"predecessor-version":[{"id":919,"href":"https:\/\/admerenerji.com\/index.php?rest_route=\/wp\/v2\/pages\/727\/revisions\/919"}],"wp:attachment":[{"href":"https:\/\/admerenerji.com\/index.php?rest_route=%2Fwp%2Fv2%2Fmedia&parent=727"}],"curies":[{"name":"wp","href":"https:\/\/api.w.org\/{rel}","templated":true}]}}