{"id":745,"date":"2021-09-09T23:57:43","date_gmt":"2021-09-09T20:57:43","guid":{"rendered":"https:\/\/admerenerji.com\/?page_id=745"},"modified":"2021-09-10T16:51:43","modified_gmt":"2021-09-10T13:51:43","slug":"uretim-danismanlik","status":"publish","type":"page","link":"https:\/\/admerenerji.com\/?page_id=745","title":{"rendered":"\u00dcretim Dan\u0131\u015fmanl\u0131k"},"content":{"rendered":"\t\t<div data-elementor-type=\"wp-page\" data-elementor-id=\"745\" class=\"elementor elementor-745\" data-elementor-settings=\"[]\">\n\t\t\t\t\t\t\t<div class=\"elementor-section-wrap\">\n\t\t\t\t\t\t\t<section class=\"elementor-section elementor-top-section elementor-element elementor-element-af1d0a4 elementor-section-boxed elementor-section-height-default elementor-section-height-default\" data-id=\"af1d0a4\" data-element_type=\"section\">\n\t\t\t\t\t\t<div class=\"elementor-container elementor-column-gap-default\">\n\t\t\t\t\t<div class=\"elementor-column elementor-col-100 elementor-top-column elementor-element elementor-element-5b8eb3db\" data-id=\"5b8eb3db\" data-element_type=\"column\">\n\t\t\t<div class=\"elementor-widget-wrap elementor-element-populated\">\n\t\t\t\t\t\t\t\t<div class=\"elementor-element elementor-element-65b4dea4 elementor-widget elementor-widget-heading\" data-id=\"65b4dea4\" data-element_type=\"widget\" data-widget_type=\"heading.default\">\n\t\t\t\t<div class=\"elementor-widget-container\">\n\t\t\t<h2 class=\"elementor-heading-title elementor-size-default\">\u00dcRET\u0130M DANI\u015eMANLIK H\u0130ZMETLER\u0130<\/h2>\t\t<\/div>\n\t\t\t\t<\/div>\n\t\t\t\t\t<\/div>\n\t\t<\/div>\n\t\t\t\t\t\t\t<\/div>\n\t\t<\/section>\n\t\t\t\t<section class=\"elementor-section elementor-top-section elementor-element elementor-element-6dbf21df elementor-section-boxed elementor-section-height-default elementor-section-height-default\" data-id=\"6dbf21df\" data-element_type=\"section\">\n\t\t\t\t\t\t<div class=\"elementor-container elementor-column-gap-default\">\n\t\t\t\t\t<div class=\"elementor-column elementor-col-50 elementor-top-column elementor-element elementor-element-5dfa4fcb\" data-id=\"5dfa4fcb\" data-element_type=\"column\">\n\t\t\t<div class=\"elementor-widget-wrap elementor-element-populated\">\n\t\t\t\t\t\t\t\t<div class=\"elementor-element elementor-element-3f06ac7 elementor-widget elementor-widget-image\" data-id=\"3f06ac7\" data-element_type=\"widget\" data-widget_type=\"image.default\">\n\t\t\t\t<div class=\"elementor-widget-container\">\n\t\t\t\t\t\t\t\t\t\t\t\t\t\t\t<img loading=\"lazy\" decoding=\"async\" width=\"700\" height=\"467\" src=\"https:\/\/admerenerji.com\/wp-content\/uploads\/2021\/09\/danismanlik-hizmetleri.jpg\" class=\"attachment-large size-large\" alt=\"\" srcset=\"https:\/\/admerenerji.com\/wp-content\/uploads\/2021\/09\/danismanlik-hizmetleri.jpg 700w, https:\/\/admerenerji.com\/wp-content\/uploads\/2021\/09\/danismanlik-hizmetleri-300x200.jpg 300w, https:\/\/admerenerji.com\/wp-content\/uploads\/2021\/09\/danismanlik-hizmetleri-230x153.jpg 230w, https:\/\/admerenerji.com\/wp-content\/uploads\/2021\/09\/danismanlik-hizmetleri-350x234.jpg 350w, https:\/\/admerenerji.com\/wp-content\/uploads\/2021\/09\/danismanlik-hizmetleri-480x320.jpg 480w\" sizes=\"auto, (max-width: 700px) 100vw, 700px\" \/>\t\t\t\t\t\t\t\t\t\t\t\t\t\t\t<\/div>\n\t\t\t\t<\/div>\n\t\t\t\t\t<\/div>\n\t\t<\/div>\n\t\t\t\t<div class=\"elementor-column elementor-col-50 elementor-top-column elementor-element elementor-element-27ceec69\" data-id=\"27ceec69\" data-element_type=\"column\">\n\t\t\t<div class=\"elementor-widget-wrap elementor-element-populated\">\n\t\t\t\t\t\t\t\t<div class=\"elementor-element elementor-element-dac1ec6 elementor-widget elementor-widget-text-editor\" data-id=\"dac1ec6\" data-element_type=\"widget\" data-widget_type=\"text-editor.default\">\n\t\t\t\t<div class=\"elementor-widget-container\">\n\t\t\t\t\t\t\t<p>Fotovoltaik panel \u00fcr\u00fcn geli\u015ftirme ve ARGE ve \u00fcretim i\u00e7i seri ve kaliteli panel s\u00fcre\u00e7leri , minimum fire ile en verimli panel \u00fcretimi gibi \u00fcretim sahas\u0131nda y\u0131llar\u0131n deneyimi ile hizmet sa\u011flamaktad\u0131r.<\/p>\t\t\t\t\t\t<\/div>\n\t\t\t\t<\/div>\n\t\t\t\t\t<\/div>\n\t\t<\/div>\n\t\t\t\t\t\t\t<\/div>\n\t\t<\/section>\n\t\t\t\t\t\t<\/div>\n\t\t\t\t\t<\/div>\n\t\t","protected":false},"excerpt":{"rendered":"<p>\u00dcRET\u0130M DANI\u015eMANLIK H\u0130ZMETLER\u0130 Fotovoltaik panel \u00fcr\u00fcn geli\u015ftirme ve ARGE ve \u00fcretim i\u00e7i seri ve kaliteli panel s\u00fcre\u00e7leri , minimum fire ile en verimli panel \u00fcretimi gibi \u00fcretim sahas\u0131nda y\u0131llar\u0131n deneyimi ile hizmet sa\u011flamaktad\u0131r.<\/p>\n","protected":false},"author":1,"featured_media":0,"parent":0,"menu_order":0,"comment_status":"closed","ping_status":"closed","template":"elementor_header_footer","meta":{"footnotes":""},"class_list":["post-745","page","type-page","status-publish","hentry"],"_links":{"self":[{"href":"https:\/\/admerenerji.com\/index.php?rest_route=\/wp\/v2\/pages\/745","targetHints":{"allow":["GET"]}}],"collection":[{"href":"https:\/\/admerenerji.com\/index.php?rest_route=\/wp\/v2\/pages"}],"about":[{"href":"https:\/\/admerenerji.com\/index.php?rest_route=\/wp\/v2\/types\/page"}],"author":[{"embeddable":true,"href":"https:\/\/admerenerji.com\/index.php?rest_route=\/wp\/v2\/users\/1"}],"replies":[{"embeddable":true,"href":"https:\/\/admerenerji.com\/index.php?rest_route=%2Fwp%2Fv2%2Fcomments&post=745"}],"version-history":[{"count":7,"href":"https:\/\/admerenerji.com\/index.php?rest_route=\/wp\/v2\/pages\/745\/revisions"}],"predecessor-version":[{"id":882,"href":"https:\/\/admerenerji.com\/index.php?rest_route=\/wp\/v2\/pages\/745\/revisions\/882"}],"wp:attachment":[{"href":"https:\/\/admerenerji.com\/index.php?rest_route=%2Fwp%2Fv2%2Fmedia&parent=745"}],"curies":[{"name":"wp","href":"https:\/\/api.w.org\/{rel}","templated":true}]}}