{"id":751,"date":"2021-09-09T23:59:53","date_gmt":"2021-09-09T20:59:53","guid":{"rendered":"https:\/\/admerenerji.com\/?page_id=751"},"modified":"2021-09-10T16:57:18","modified_gmt":"2021-09-10T13:57:18","slug":"tesis-kurulumu","status":"publish","type":"page","link":"https:\/\/admerenerji.com\/?page_id=751","title":{"rendered":"Tesis Kurulumu"},"content":{"rendered":"\t\t<div data-elementor-type=\"wp-page\" data-elementor-id=\"751\" class=\"elementor elementor-751\" data-elementor-settings=\"[]\">\n\t\t\t\t\t\t\t<div class=\"elementor-section-wrap\">\n\t\t\t\t\t\t\t<section class=\"elementor-section elementor-top-section elementor-element elementor-element-610fbed2 elementor-section-boxed elementor-section-height-default elementor-section-height-default\" data-id=\"610fbed2\" data-element_type=\"section\">\n\t\t\t\t\t\t<div class=\"elementor-container elementor-column-gap-default\">\n\t\t\t\t\t<div class=\"elementor-column elementor-col-100 elementor-top-column elementor-element elementor-element-7c116657\" data-id=\"7c116657\" data-element_type=\"column\">\n\t\t\t<div class=\"elementor-widget-wrap elementor-element-populated\">\n\t\t\t\t\t\t\t\t<div class=\"elementor-element elementor-element-2bc992a5 elementor-widget elementor-widget-heading\" data-id=\"2bc992a5\" data-element_type=\"widget\" data-widget_type=\"heading.default\">\n\t\t\t\t<div class=\"elementor-widget-container\">\n\t\t\t<h2 class=\"elementor-heading-title elementor-size-default\">FOTOVOLTA\u0130K PANEL \u00dcRET\u0130M TES\u0130S\u0130 KURULUMU<\/h2>\t\t<\/div>\n\t\t\t\t<\/div>\n\t\t\t\t\t<\/div>\n\t\t<\/div>\n\t\t\t\t\t\t\t<\/div>\n\t\t<\/section>\n\t\t\t\t<section class=\"elementor-section elementor-top-section elementor-element elementor-element-784804f3 elementor-section-boxed elementor-section-height-default elementor-section-height-default\" data-id=\"784804f3\" data-element_type=\"section\">\n\t\t\t\t\t\t<div class=\"elementor-container elementor-column-gap-default\">\n\t\t\t\t\t<div class=\"elementor-column elementor-col-50 elementor-top-column elementor-element elementor-element-550c3fea\" data-id=\"550c3fea\" data-element_type=\"column\">\n\t\t\t<div class=\"elementor-widget-wrap elementor-element-populated\">\n\t\t\t\t\t\t\t\t<div class=\"elementor-element elementor-element-5462fcb1 elementor-widget elementor-widget-image\" data-id=\"5462fcb1\" data-element_type=\"widget\" data-widget_type=\"image.default\">\n\t\t\t\t<div class=\"elementor-widget-container\">\n\t\t\t\t\t\t\t\t\t\t\t\t\t\t\t<img loading=\"lazy\" decoding=\"async\" width=\"473\" height=\"350\" src=\"https:\/\/admerenerji.com\/wp-content\/uploads\/2021\/09\/Solar-Manufacturing-Plant-Expansion-3.jpg\" class=\"attachment-large size-large\" alt=\"\" srcset=\"https:\/\/admerenerji.com\/wp-content\/uploads\/2021\/09\/Solar-Manufacturing-Plant-Expansion-3.jpg 473w, https:\/\/admerenerji.com\/wp-content\/uploads\/2021\/09\/Solar-Manufacturing-Plant-Expansion-3-300x222.jpg 300w, https:\/\/admerenerji.com\/wp-content\/uploads\/2021\/09\/Solar-Manufacturing-Plant-Expansion-3-230x170.jpg 230w, https:\/\/admerenerji.com\/wp-content\/uploads\/2021\/09\/Solar-Manufacturing-Plant-Expansion-3-350x259.jpg 350w\" sizes=\"auto, (max-width: 473px) 100vw, 473px\" \/>\t\t\t\t\t\t\t\t\t\t\t\t\t\t\t<\/div>\n\t\t\t\t<\/div>\n\t\t\t\t\t<\/div>\n\t\t<\/div>\n\t\t\t\t<div class=\"elementor-column elementor-col-50 elementor-top-column elementor-element elementor-element-41c2cdd6\" data-id=\"41c2cdd6\" data-element_type=\"column\">\n\t\t\t<div class=\"elementor-widget-wrap elementor-element-populated\">\n\t\t\t\t\t\t\t\t<div class=\"elementor-element elementor-element-7a2594bf elementor-widget elementor-widget-text-editor\" data-id=\"7a2594bf\" data-element_type=\"widget\" data-widget_type=\"text-editor.default\">\n\t\t\t\t<div class=\"elementor-widget-container\">\n\t\t\t\t\t\t\t<p>Admer Enerji 2013 ten beri T\u00fcrkiye de bir\u00e7ok panel \u00fcretim faaliyetlerinde yer alm\u0131\u015f uzman kadrosuyla beraber yurtd\u0131\u015f\u0131 panel \u00fcretim tesisi kurulum partnerleri ile k\u00fc\u00e7\u00fck panel \u00fcretim tesislerinden b\u00fcy\u00fck ve kompleks bir\u00e7ok \u00e7e\u015fit panel \u00fcretim tesislerine ve bunun yani s\u0131ra kurulum \u00f6ncesi ve sonras\u0131 sat\u0131\u015f destek makine ve par\u00e7a tedariki ile birlikte hizmet vermektedir.<\/p>\t\t\t\t\t\t<\/div>\n\t\t\t\t<\/div>\n\t\t\t\t\t<\/div>\n\t\t<\/div>\n\t\t\t\t\t\t\t<\/div>\n\t\t<\/section>\n\t\t\t\t\t\t<\/div>\n\t\t\t\t\t<\/div>\n\t\t","protected":false},"excerpt":{"rendered":"<p>FOTOVOLTA\u0130K PANEL \u00dcRET\u0130M TES\u0130S\u0130 KURULUMU Admer Enerji 2013 ten beri T\u00fcrkiye de bir\u00e7ok panel \u00fcretim faaliyetlerinde yer alm\u0131\u015f uzman kadrosuyla beraber yurtd\u0131\u015f\u0131 panel \u00fcretim tesisi kurulum partnerleri ile k\u00fc\u00e7\u00fck panel \u00fcretim tesislerinden b\u00fcy\u00fck ve kompleks bir\u00e7ok \u00e7e\u015fit panel \u00fcretim tesislerine ve bunun yani s\u0131ra kurulum \u00f6ncesi ve sonras\u0131 sat\u0131\u015f destek makine ve par\u00e7a tedariki ile [&hellip;]<\/p>\n","protected":false},"author":1,"featured_media":0,"parent":0,"menu_order":0,"comment_status":"closed","ping_status":"closed","template":"elementor_header_footer","meta":{"footnotes":""},"class_list":["post-751","page","type-page","status-publish","hentry"],"_links":{"self":[{"href":"https:\/\/admerenerji.com\/index.php?rest_route=\/wp\/v2\/pages\/751","targetHints":{"allow":["GET"]}}],"collection":[{"href":"https:\/\/admerenerji.com\/index.php?rest_route=\/wp\/v2\/pages"}],"about":[{"href":"https:\/\/admerenerji.com\/index.php?rest_route=\/wp\/v2\/types\/page"}],"author":[{"embeddable":true,"href":"https:\/\/admerenerji.com\/index.php?rest_route=\/wp\/v2\/users\/1"}],"replies":[{"embeddable":true,"href":"https:\/\/admerenerji.com\/index.php?rest_route=%2Fwp%2Fv2%2Fcomments&post=751"}],"version-history":[{"count":10,"href":"https:\/\/admerenerji.com\/index.php?rest_route=\/wp\/v2\/pages\/751\/revisions"}],"predecessor-version":[{"id":894,"href":"https:\/\/admerenerji.com\/index.php?rest_route=\/wp\/v2\/pages\/751\/revisions\/894"}],"wp:attachment":[{"href":"https:\/\/admerenerji.com\/index.php?rest_route=%2Fwp%2Fv2%2Fmedia&parent=751"}],"curies":[{"name":"wp","href":"https:\/\/api.w.org\/{rel}","templated":true}]}}