{"id":756,"date":"2021-09-10T00:00:47","date_gmt":"2021-09-09T21:00:47","guid":{"rendered":"https:\/\/admerenerji.com\/?page_id=756"},"modified":"2021-09-10T16:53:02","modified_gmt":"2021-09-10T13:53:02","slug":"saha-kurulumu","status":"publish","type":"page","link":"https:\/\/admerenerji.com\/?page_id=756","title":{"rendered":"Saha Kurulumu"},"content":{"rendered":"\t\t<div data-elementor-type=\"wp-page\" data-elementor-id=\"756\" class=\"elementor elementor-756\" data-elementor-settings=\"[]\">\n\t\t\t\t\t\t\t<div class=\"elementor-section-wrap\">\n\t\t\t\t\t\t\t<section class=\"elementor-section elementor-top-section elementor-element elementor-element-83cdf5c elementor-section-boxed elementor-section-height-default elementor-section-height-default\" data-id=\"83cdf5c\" data-element_type=\"section\">\n\t\t\t\t\t\t<div class=\"elementor-container elementor-column-gap-default\">\n\t\t\t\t\t<div class=\"elementor-column elementor-col-100 elementor-top-column elementor-element elementor-element-1c01dafe\" data-id=\"1c01dafe\" data-element_type=\"column\">\n\t\t\t<div class=\"elementor-widget-wrap elementor-element-populated\">\n\t\t\t\t\t\t\t\t<div class=\"elementor-element elementor-element-bfacea8 elementor-widget elementor-widget-heading\" data-id=\"bfacea8\" data-element_type=\"widget\" data-widget_type=\"heading.default\">\n\t\t\t\t<div class=\"elementor-widget-container\">\n\t\t\t<h2 class=\"elementor-heading-title elementor-size-default\">FOTOVOLTA\u0130K SAHA KURULUM H\u0130ZMETLER\u0130<\/h2>\t\t<\/div>\n\t\t\t\t<\/div>\n\t\t\t\t\t<\/div>\n\t\t<\/div>\n\t\t\t\t\t\t\t<\/div>\n\t\t<\/section>\n\t\t\t\t<section class=\"elementor-section elementor-top-section elementor-element elementor-element-35418459 elementor-section-boxed elementor-section-height-default elementor-section-height-default\" data-id=\"35418459\" data-element_type=\"section\">\n\t\t\t\t\t\t<div class=\"elementor-container elementor-column-gap-default\">\n\t\t\t\t\t<div class=\"elementor-column elementor-col-50 elementor-top-column elementor-element elementor-element-13c60e6e\" data-id=\"13c60e6e\" data-element_type=\"column\">\n\t\t\t<div class=\"elementor-widget-wrap elementor-element-populated\">\n\t\t\t\t\t\t\t\t<div class=\"elementor-element elementor-element-130e5b5f elementor-widget elementor-widget-image\" data-id=\"130e5b5f\" data-element_type=\"widget\" data-widget_type=\"image.default\">\n\t\t\t\t<div class=\"elementor-widget-container\">\n\t\t\t\t\t\t\t\t\t\t\t\t\t\t\t<img loading=\"lazy\" decoding=\"async\" width=\"1024\" height=\"606\" src=\"https:\/\/admerenerji.com\/wp-content\/uploads\/2021\/09\/01018_NREL_Golden_opt-1200x710-1-1-1024x606.jpeg\" class=\"attachment-large size-large\" alt=\"\" srcset=\"https:\/\/admerenerji.com\/wp-content\/uploads\/2021\/09\/01018_NREL_Golden_opt-1200x710-1-1-1024x606.jpeg 1024w, https:\/\/admerenerji.com\/wp-content\/uploads\/2021\/09\/01018_NREL_Golden_opt-1200x710-1-1-300x178.jpeg 300w, https:\/\/admerenerji.com\/wp-content\/uploads\/2021\/09\/01018_NREL_Golden_opt-1200x710-1-1-768x454.jpeg 768w, https:\/\/admerenerji.com\/wp-content\/uploads\/2021\/09\/01018_NREL_Golden_opt-1200x710-1-1-830x491.jpeg 830w, https:\/\/admerenerji.com\/wp-content\/uploads\/2021\/09\/01018_NREL_Golden_opt-1200x710-1-1-230x136.jpeg 230w, https:\/\/admerenerji.com\/wp-content\/uploads\/2021\/09\/01018_NREL_Golden_opt-1200x710-1-1-350x207.jpeg 350w, https:\/\/admerenerji.com\/wp-content\/uploads\/2021\/09\/01018_NREL_Golden_opt-1200x710-1-1-480x284.jpeg 480w, https:\/\/admerenerji.com\/wp-content\/uploads\/2021\/09\/01018_NREL_Golden_opt-1200x710-1-1.jpeg 1200w\" sizes=\"auto, (max-width: 1024px) 100vw, 1024px\" \/>\t\t\t\t\t\t\t\t\t\t\t\t\t\t\t<\/div>\n\t\t\t\t<\/div>\n\t\t\t\t\t<\/div>\n\t\t<\/div>\n\t\t\t\t<div class=\"elementor-column elementor-col-50 elementor-top-column elementor-element elementor-element-76ee7700\" data-id=\"76ee7700\" data-element_type=\"column\">\n\t\t\t<div class=\"elementor-widget-wrap elementor-element-populated\">\n\t\t\t\t\t\t\t\t<div class=\"elementor-element elementor-element-2dc7b193 elementor-widget elementor-widget-text-editor\" data-id=\"2dc7b193\" data-element_type=\"widget\" data-widget_type=\"text-editor.default\">\n\t\t\t\t<div class=\"elementor-widget-container\">\n\t\t\t\t\t\t\t<p>Saha ve \u00c7at\u0131lar i\u00e7in alanlara g\u00f6re en ideal panel se\u00e7imi ile projelendirilmesi. On grid ve off grid sistemler,&nbsp; Sulama sahalar\u0131 i\u00e7in fizibiliteler ile en uygun ve uzun \u00f6m\u00fcrl\u00fc sistemleri sizlerin hizmetine sunmaktad\u0131r.<\/p>\t\t\t\t\t\t<\/div>\n\t\t\t\t<\/div>\n\t\t\t\t\t<\/div>\n\t\t<\/div>\n\t\t\t\t\t\t\t<\/div>\n\t\t<\/section>\n\t\t\t\t\t\t<\/div>\n\t\t\t\t\t<\/div>\n\t\t","protected":false},"excerpt":{"rendered":"<p>FOTOVOLTA\u0130K SAHA KURULUM H\u0130ZMETLER\u0130 Saha ve \u00c7at\u0131lar i\u00e7in alanlara g\u00f6re en ideal panel se\u00e7imi ile projelendirilmesi. On grid ve off grid sistemler,&nbsp; Sulama sahalar\u0131 i\u00e7in fizibiliteler ile en uygun ve uzun \u00f6m\u00fcrl\u00fc sistemleri sizlerin hizmetine sunmaktad\u0131r.<\/p>\n","protected":false},"author":1,"featured_media":0,"parent":0,"menu_order":0,"comment_status":"closed","ping_status":"closed","template":"elementor_header_footer","meta":{"footnotes":""},"class_list":["post-756","page","type-page","status-publish","hentry"],"_links":{"self":[{"href":"https:\/\/admerenerji.com\/index.php?rest_route=\/wp\/v2\/pages\/756","targetHints":{"allow":["GET"]}}],"collection":[{"href":"https:\/\/admerenerji.com\/index.php?rest_route=\/wp\/v2\/pages"}],"about":[{"href":"https:\/\/admerenerji.com\/index.php?rest_route=\/wp\/v2\/types\/page"}],"author":[{"embeddable":true,"href":"https:\/\/admerenerji.com\/index.php?rest_route=\/wp\/v2\/users\/1"}],"replies":[{"embeddable":true,"href":"https:\/\/admerenerji.com\/index.php?rest_route=%2Fwp%2Fv2%2Fcomments&post=756"}],"version-history":[{"count":7,"href":"https:\/\/admerenerji.com\/index.php?rest_route=\/wp\/v2\/pages\/756\/revisions"}],"predecessor-version":[{"id":888,"href":"https:\/\/admerenerji.com\/index.php?rest_route=\/wp\/v2\/pages\/756\/revisions\/888"}],"wp:attachment":[{"href":"https:\/\/admerenerji.com\/index.php?rest_route=%2Fwp%2Fv2%2Fmedia&parent=756"}],"curies":[{"name":"wp","href":"https:\/\/api.w.org\/{rel}","templated":true}]}}