{"id":762,"date":"2021-09-10T00:01:50","date_gmt":"2021-09-09T21:01:50","guid":{"rendered":"https:\/\/admerenerji.com\/?page_id=762"},"modified":"2021-09-10T16:58:05","modified_gmt":"2021-09-10T13:58:05","slug":"diger","status":"publish","type":"page","link":"https:\/\/admerenerji.com\/?page_id=762","title":{"rendered":"Di\u011fer"},"content":{"rendered":"\t\t<div data-elementor-type=\"wp-page\" data-elementor-id=\"762\" class=\"elementor elementor-762\" data-elementor-settings=\"[]\">\n\t\t\t\t\t\t\t<div class=\"elementor-section-wrap\">\n\t\t\t\t\t\t\t<section class=\"elementor-section elementor-top-section elementor-element elementor-element-43b2ce55 elementor-section-boxed elementor-section-height-default elementor-section-height-default\" data-id=\"43b2ce55\" data-element_type=\"section\">\n\t\t\t\t\t\t<div class=\"elementor-container elementor-column-gap-default\">\n\t\t\t\t\t<div class=\"elementor-column elementor-col-100 elementor-top-column elementor-element elementor-element-c679970\" data-id=\"c679970\" data-element_type=\"column\">\n\t\t\t<div class=\"elementor-widget-wrap elementor-element-populated\">\n\t\t\t\t\t\t\t\t<div class=\"elementor-element elementor-element-7b3f9b1f elementor-widget elementor-widget-heading\" data-id=\"7b3f9b1f\" data-element_type=\"widget\" data-widget_type=\"heading.default\">\n\t\t\t\t<div class=\"elementor-widget-container\">\n\t\t\t<h2 class=\"elementor-heading-title elementor-size-default\">Di\u011fer<\/h2>\t\t<\/div>\n\t\t\t\t<\/div>\n\t\t\t\t\t<\/div>\n\t\t<\/div>\n\t\t\t\t\t\t\t<\/div>\n\t\t<\/section>\n\t\t\t\t<section class=\"elementor-section elementor-top-section elementor-element elementor-element-5e3e9dc6 elementor-section-boxed elementor-section-height-default elementor-section-height-default\" data-id=\"5e3e9dc6\" data-element_type=\"section\">\n\t\t\t\t\t\t<div class=\"elementor-container elementor-column-gap-default\">\n\t\t\t\t\t<div class=\"elementor-column elementor-col-50 elementor-top-column elementor-element elementor-element-694d57ce\" data-id=\"694d57ce\" data-element_type=\"column\">\n\t\t\t<div class=\"elementor-widget-wrap elementor-element-populated\">\n\t\t\t\t\t\t\t\t<div class=\"elementor-element elementor-element-5704c037 elementor-widget elementor-widget-image\" data-id=\"5704c037\" data-element_type=\"widget\" data-widget_type=\"image.default\">\n\t\t\t\t<div class=\"elementor-widget-container\">\n\t\t\t\t\t\t\t\t\t\t\t\t\t\t\t<img loading=\"lazy\" decoding=\"async\" width=\"1024\" height=\"732\" src=\"https:\/\/admerenerji.com\/wp-content\/uploads\/2021\/09\/1280px-Turbogenerator01-1-1024x732.jpg\" class=\"attachment-large size-large\" alt=\"\" srcset=\"https:\/\/admerenerji.com\/wp-content\/uploads\/2021\/09\/1280px-Turbogenerator01-1-1024x732.jpg 1024w, https:\/\/admerenerji.com\/wp-content\/uploads\/2021\/09\/1280px-Turbogenerator01-1-300x214.jpg 300w, https:\/\/admerenerji.com\/wp-content\/uploads\/2021\/09\/1280px-Turbogenerator01-1-768x549.jpg 768w, https:\/\/admerenerji.com\/wp-content\/uploads\/2021\/09\/1280px-Turbogenerator01-1-830x593.jpg 830w, https:\/\/admerenerji.com\/wp-content\/uploads\/2021\/09\/1280px-Turbogenerator01-1-230x164.jpg 230w, https:\/\/admerenerji.com\/wp-content\/uploads\/2021\/09\/1280px-Turbogenerator01-1-350x250.jpg 350w, https:\/\/admerenerji.com\/wp-content\/uploads\/2021\/09\/1280px-Turbogenerator01-1-480x343.jpg 480w, https:\/\/admerenerji.com\/wp-content\/uploads\/2021\/09\/1280px-Turbogenerator01-1.jpg 1280w\" sizes=\"auto, (max-width: 1024px) 100vw, 1024px\" \/>\t\t\t\t\t\t\t\t\t\t\t\t\t\t\t<\/div>\n\t\t\t\t<\/div>\n\t\t\t\t\t<\/div>\n\t\t<\/div>\n\t\t\t\t<div class=\"elementor-column elementor-col-50 elementor-top-column elementor-element elementor-element-1a210f3f\" data-id=\"1a210f3f\" data-element_type=\"column\">\n\t\t\t<div class=\"elementor-widget-wrap elementor-element-populated\">\n\t\t\t\t\t\t\t\t<div class=\"elementor-element elementor-element-7807ba9b elementor-widget elementor-widget-text-editor\" data-id=\"7807ba9b\" data-element_type=\"widget\" data-widget_type=\"text-editor.default\">\n\t\t\t\t<div class=\"elementor-widget-container\">\n\t\t\t\t\t\t\t<p>Termal enerji \u00fcretim tesisleri makine ekipmanlar\u0131.<\/p>\t\t\t\t\t\t<\/div>\n\t\t\t\t<\/div>\n\t\t\t\t\t<\/div>\n\t\t<\/div>\n\t\t\t\t\t\t\t<\/div>\n\t\t<\/section>\n\t\t\t\t\t\t<\/div>\n\t\t\t\t\t<\/div>\n\t\t","protected":false},"excerpt":{"rendered":"<p>Di\u011fer Termal enerji \u00fcretim tesisleri makine ekipmanlar\u0131.<\/p>\n","protected":false},"author":1,"featured_media":0,"parent":0,"menu_order":0,"comment_status":"closed","ping_status":"closed","template":"elementor_header_footer","meta":{"footnotes":""},"class_list":["post-762","page","type-page","status-publish","hentry"],"_links":{"self":[{"href":"https:\/\/admerenerji.com\/index.php?rest_route=\/wp\/v2\/pages\/762","targetHints":{"allow":["GET"]}}],"collection":[{"href":"https:\/\/admerenerji.com\/index.php?rest_route=\/wp\/v2\/pages"}],"about":[{"href":"https:\/\/admerenerji.com\/index.php?rest_route=\/wp\/v2\/types\/page"}],"author":[{"embeddable":true,"href":"https:\/\/admerenerji.com\/index.php?rest_route=\/wp\/v2\/users\/1"}],"replies":[{"embeddable":true,"href":"https:\/\/admerenerji.com\/index.php?rest_route=%2Fwp%2Fv2%2Fcomments&post=762"}],"version-history":[{"count":7,"href":"https:\/\/admerenerji.com\/index.php?rest_route=\/wp\/v2\/pages\/762\/revisions"}],"predecessor-version":[{"id":897,"href":"https:\/\/admerenerji.com\/index.php?rest_route=\/wp\/v2\/pages\/762\/revisions\/897"}],"wp:attachment":[{"href":"https:\/\/admerenerji.com\/index.php?rest_route=%2Fwp%2Fv2%2Fmedia&parent=762"}],"curies":[{"name":"wp","href":"https:\/\/api.w.org\/{rel}","templated":true}]}}